{"id":1680,"date":"2022-04-14T12:01:42","date_gmt":"2022-04-14T12:01:42","guid":{"rendered":"https:\/\/demo.athemes.com\/sydney-leads\/?page_id=5"},"modified":"2026-02-03T16:57:42","modified_gmt":"2026-02-03T16:57:42","slug":"my-front-page","status":"publish","type":"page","link":"https:\/\/ghislaineriendeau.com\/","title":{"rendered":"My Front Page"},"content":{"rendered":"\t\t<div data-elementor-type=\"wp-page\" data-elementor-id=\"1680\" class=\"elementor elementor-1680\">\n\t\t\t\t\t\t<section class=\"elementor-section elementor-top-section elementor-element elementor-element-18d81a2 elementor-section-boxed elementor-section-height-default elementor-section-height-default\" data-id=\"18d81a2\" data-element_type=\"section\" data-settings=\"{&quot;background_background&quot;:&quot;classic&quot;}\">\n\t\t\t\t\t\t\t<div class=\"elementor-background-overlay\"><\/div>\n\t\t\t\t\t\t\t<div class=\"elementor-container elementor-column-gap-default\">\n\t\t\t\t\t<div class=\"elementor-column elementor-col-50 elementor-top-column elementor-element elementor-element-8caeeff\" data-id=\"8caeeff\" data-element_type=\"column\" data-settings=\"{&quot;background_background&quot;:&quot;classic&quot;}\">\n\t\t\t<div class=\"elementor-widget-wrap elementor-element-populated\">\n\t\t\t\t\t<div class=\"elementor-background-overlay\"><\/div>\n\t\t\t\t\t\t<div class=\"elementor-element elementor-element-9367cc9 elementor-widget elementor-widget-heading\" data-id=\"9367cc9\" data-element_type=\"widget\" data-widget_type=\"heading.default\">\n\t\t\t\t<div class=\"elementor-widget-container\">\n\t\t\t<h1 class=\"elementor-heading-title elementor-size-default\">Artiste peintre<\/h1>\t\t<\/div>\n\t\t\t\t<\/div>\n\t\t\t\t<div class=\"elementor-element elementor-element-dfa946a elementor-widget elementor-widget-heading\" data-id=\"dfa946a\" data-element_type=\"widget\" data-widget_type=\"heading.default\">\n\t\t\t\t<div class=\"elementor-widget-container\">\n\t\t\t<div class=\"elementor-heading-title elementor-size-default\">Ghislaine Riendeau<\/div>\t\t<\/div>\n\t\t\t\t<\/div>\n\t\t\t\t<div class=\"elementor-element elementor-element-c61bfa9 elementor-widget elementor-widget-text-editor\" data-id=\"c61bfa9\" data-element_type=\"widget\" data-widget_type=\"text-editor.default\">\n\t\t\t\t<div class=\"elementor-widget-container\">\n\t\t\t\t\t\t\t<h5><span style=\"font-weight: normal;\">Faites que votre tableau soit toujours une ouverture sur le\u00a0 monde.<br \/><\/span><br \/><span style=\"color: inherit; font-family: inherit; font-style: inherit; font-variant-ligatures: inherit; font-variant-caps: inherit; font-weight: inherit;\">\u00ab\u00a0L\u00e9onard De Vinci\u00a0\u00bb<\/span><\/h5>\t\t\t\t\t\t<\/div>\n\t\t\t\t<\/div>\n\t\t\t\t<section class=\"elementor-section elementor-inner-section elementor-element elementor-element-3ee0b2c elementor-section-boxed elementor-section-height-default elementor-section-height-default\" data-id=\"3ee0b2c\" data-element_type=\"section\">\n\t\t\t\t\t\t<div class=\"elementor-container elementor-column-gap-narrow\">\n\t\t\t\t\t<div class=\"elementor-column elementor-col-50 elementor-inner-column elementor-element elementor-element-0beff33\" data-id=\"0beff33\" data-element_type=\"column\">\n\t\t\t<div class=\"elementor-widget-wrap elementor-element-populated\">\n\t\t\t\t\t\t<div class=\"elementor-element elementor-element-8019062 elementor-align-left elementor-mobile-align-left elementor-widget elementor-widget-button\" data-id=\"8019062\" data-element_type=\"widget\" data-widget_type=\"button.default\">\n\t\t\t\t<div class=\"elementor-widget-container\">\n\t\t\t\t\t<div class=\"elementor-button-wrapper\">\n\t\t\t<a class=\"elementor-button elementor-button-link elementor-size-sm\" href=\"https:\/\/ghislaineriendeau.com\/?page_id=11\">\n\t\t\t\t\t\t<span class=\"elementor-button-content-wrapper\">\n\t\t\t\t\t\t\t\t\t<span class=\"elementor-button-text\">D\u00e9marche artistique<\/span>\n\t\t\t\t\t<\/span>\n\t\t\t\t\t<\/a>\n\t\t<\/div>\n\t\t\t\t<\/div>\n\t\t\t\t<\/div>\n\t\t\t\t\t<\/div>\n\t\t<\/div>\n\t\t\t\t<div class=\"elementor-column elementor-col-50 elementor-inner-column elementor-element elementor-element-2cd4de3\" data-id=\"2cd4de3\" data-element_type=\"column\">\n\t\t\t<div class=\"elementor-widget-wrap elementor-element-populated\">\n\t\t\t\t\t\t<div class=\"elementor-element elementor-element-d62bac9 elementor-align-left elementor-mobile-align-left elementor-widget__width-initial elementor-widget elementor-widget-button\" data-id=\"d62bac9\" data-element_type=\"widget\" data-widget_type=\"button.default\">\n\t\t\t\t<div class=\"elementor-widget-container\">\n\t\t\t\t\t<div class=\"elementor-button-wrapper\">\n\t\t\t<a class=\"elementor-button elementor-button-link elementor-size-sm\" href=\"https:\/\/ghislaineriendeau.com\/?page_id=16\">\n\t\t\t\t\t\t<span class=\"elementor-button-content-wrapper\">\n\t\t\t\t\t\t\t\t\t<span class=\"elementor-button-text\">Contacter l'artiste<\/span>\n\t\t\t\t\t<\/span>\n\t\t\t\t\t<\/a>\n\t\t<\/div>\n\t\t\t\t<\/div>\n\t\t\t\t<\/div>\n\t\t\t\t\t<\/div>\n\t\t<\/div>\n\t\t\t\t\t<\/div>\n\t\t<\/section>\n\t\t\t\t\t<\/div>\n\t\t<\/div>\n\t\t\t\t<div class=\"elementor-column elementor-col-50 elementor-top-column elementor-element elementor-element-9bb61e1\" data-id=\"9bb61e1\" data-element_type=\"column\">\n\t\t\t<div class=\"elementor-widget-wrap\">\n\t\t\t\t\t\t\t<\/div>\n\t\t<\/div>\n\t\t\t\t\t<\/div>\n\t\t<\/section>\n\t\t\t\t<section class=\"elementor-section elementor-top-section elementor-element elementor-element-76cf54a elementor-section-boxed elementor-section-height-default elementor-section-height-default\" data-id=\"76cf54a\" data-element_type=\"section\">\n\t\t\t\t\t\t<div class=\"elementor-container elementor-column-gap-default\">\n\t\t\t\t\t<div class=\"elementor-column elementor-col-100 elementor-top-column elementor-element elementor-element-b43430c\" data-id=\"b43430c\" data-element_type=\"column\" data-settings=\"{&quot;background_background&quot;:&quot;classic&quot;}\">\n\t\t\t<div class=\"elementor-widget-wrap elementor-element-populated\">\n\t\t\t\t\t\t<div class=\"elementor-element elementor-element-c232067 elementor-widget elementor-widget-heading\" data-id=\"c232067\" data-element_type=\"widget\" data-widget_type=\"heading.default\">\n\t\t\t\t<div class=\"elementor-widget-container\">\n\t\t\t<h2 class=\"elementor-heading-title elementor-size-default\">D\u00e9couvrir mes <b>oeuvres<\/b><\/h2>\t\t<\/div>\n\t\t\t\t<\/div>\n\t\t\t\t<div class=\"elementor-element elementor-element-9bab738 elementor-widget__width-initial elementor-widget elementor-widget-text-editor\" data-id=\"9bab738\" data-element_type=\"widget\" data-widget_type=\"text-editor.default\">\n\t\t\t\t<div class=\"elementor-widget-container\">\n\t\t\t\t\t\t\t<div class=\"x_gmail_default\">Avec les signes et les codes d\u00e9pos\u00e9s de mani\u00e8re spontan\u00e9e\u00a0sur la toile,\u00a0 je d\u00e9code, superpose, p\u00e9trit tout un langage universel. Je vous invite ainsi \u00e0 une lecture plus ouverte sur l&rsquo;essence m\u00eame du myst\u00e8re de la vie et de l&rsquo;humanit\u00e9.<\/div>\t\t\t\t\t\t<\/div>\n\t\t\t\t<\/div>\n\t\t\t\t<div class=\"elementor-element elementor-element-3eb4f5c elementor-widget elementor-widget-image-gallery\" data-id=\"3eb4f5c\" data-element_type=\"widget\" data-widget_type=\"image-gallery.default\">\n\t\t\t\t<div class=\"elementor-widget-container\">\n\t\t\t\t\t<div class=\"elementor-image-gallery\">\n\t\t\t<div id='gallery-1' class='gallery galleryid-1680 gallery-columns-4 gallery-size-thumbnail'><figure class='gallery-item'>\n\t\t\t<div class='gallery-icon portrait'>\n\t\t\t\t<a data-elementor-open-lightbox=\"yes\" data-elementor-lightbox-slideshow=\"3eb4f5c\" data-elementor-lightbox-title=\"Matin frisquet sur la Ville 20X16\" data-e-action-hash=\"#elementor-action%3Aaction%3Dlightbox%26settings%3DeyJpZCI6MjQzMywidXJsIjoiaHR0cHM6XC9cL2doaXNsYWluZXJpZW5kZWF1LmNvbVwvd3AtY29udGVudFwvdXBsb2Fkc1wvMjAyNlwvMDFcL01hdGluLWZyaXNxdWV0LXN1ci1sYS1WaWxsZS0yMFgxNi5qcGciLCJzbGlkZXNob3ciOiIzZWI0ZjVjIn0%3D\" href='https:\/\/ghislaineriendeau.com\/wp-content\/uploads\/2026\/01\/Matin-frisquet-sur-la-Ville-20X16.jpg'><img decoding=\"async\" width=\"150\" height=\"150\" src=\"https:\/\/ghislaineriendeau.com\/wp-content\/uploads\/2026\/01\/Matin-frisquet-sur-la-Ville-20X16-150x150.jpg\" class=\"attachment-thumbnail size-thumbnail\" alt=\"\" aria-describedby=\"gallery-1-2433\" \/><\/a>\n\t\t\t<\/div>\n\t\t\t\t<figcaption class='wp-caption-text gallery-caption' id='gallery-1-2433'>\n\t\t\t\tMatin frisquet sur la Ville 20X16\n\t\t\t\t<\/figcaption><\/figure><figure class='gallery-item'>\n\t\t\t<div class='gallery-icon portrait'>\n\t\t\t\t<a data-elementor-open-lightbox=\"yes\" data-elementor-lightbox-slideshow=\"3eb4f5c\" data-elementor-lightbox-title=\"Pr\u00e9sences Pari\u00e9tales 30X24\" data-e-action-hash=\"#elementor-action%3Aaction%3Dlightbox%26settings%3DeyJpZCI6MjQ3NywidXJsIjoiaHR0cHM6XC9cL2doaXNsYWluZXJpZW5kZWF1LmNvbVwvd3AtY29udGVudFwvdXBsb2Fkc1wvMjAyNlwvMDFcL1ByZXNlbmNlcy1QYXJpZXRhbGVzLTMwWDI0LmpwZyIsInNsaWRlc2hvdyI6IjNlYjRmNWMifQ%3D%3D\" href='https:\/\/ghislaineriendeau.com\/wp-content\/uploads\/2026\/01\/Presences-Parietales-30X24.jpg'><img decoding=\"async\" width=\"150\" height=\"150\" src=\"https:\/\/ghislaineriendeau.com\/wp-content\/uploads\/2026\/01\/Presences-Parietales-30X24-150x150.jpg\" class=\"attachment-thumbnail size-thumbnail\" alt=\"\" aria-describedby=\"gallery-1-2477\" \/><\/a>\n\t\t\t<\/div>\n\t\t\t\t<figcaption class='wp-caption-text gallery-caption' id='gallery-1-2477'>\n\t\t\t\tPr\u00e9sences Pari\u00e9tales 30X24\n\t\t\t\t<\/figcaption><\/figure><figure class='gallery-item'>\n\t\t\t<div class='gallery-icon portrait'>\n\t\t\t\t<a data-elementor-open-lightbox=\"yes\" data-elementor-lightbox-slideshow=\"3eb4f5c\" data-elementor-lightbox-title=\"Battements libres 20X11\" data-e-action-hash=\"#elementor-action%3Aaction%3Dlightbox%26settings%3DeyJpZCI6MjQ2OCwidXJsIjoiaHR0cHM6XC9cL2doaXNsYWluZXJpZW5kZWF1LmNvbVwvd3AtY29udGVudFwvdXBsb2Fkc1wvMjAyNlwvMDFcL0JhdHRlbWVudHMtbGlicmVzLTIwWDExLXNjYWxlZC5qcGciLCJzbGlkZXNob3ciOiIzZWI0ZjVjIn0%3D\" href='https:\/\/ghislaineriendeau.com\/wp-content\/uploads\/2026\/01\/Battements-libres-20X11-scaled.jpg'><img decoding=\"async\" width=\"150\" height=\"150\" src=\"https:\/\/ghislaineriendeau.com\/wp-content\/uploads\/2026\/01\/Battements-libres-20X11-150x150.jpg\" class=\"attachment-thumbnail size-thumbnail\" alt=\"\" aria-describedby=\"gallery-1-2468\" \/><\/a>\n\t\t\t<\/div>\n\t\t\t\t<figcaption class='wp-caption-text gallery-caption' id='gallery-1-2468'>\n\t\t\t\tBattements libres 20X11\n\t\t\t\t<\/figcaption><\/figure><figure class='gallery-item'>\n\t\t\t<div class='gallery-icon portrait'>\n\t\t\t\t<a data-elementor-open-lightbox=\"yes\" data-elementor-lightbox-slideshow=\"3eb4f5c\" data-elementor-lightbox-title=\"Rep\u00e8res du Passage 30x24\" data-e-action-hash=\"#elementor-action%3Aaction%3Dlightbox%26settings%3DeyJpZCI6MjU4NCwidXJsIjoiaHR0cHM6XC9cL2doaXNsYWluZXJpZW5kZWF1LmNvbVwvd3AtY29udGVudFwvdXBsb2Fkc1wvMjAyNlwvMDJcL1JlcGVyZXMtZHUtUGFzc2FnZS0zMHgyNC0xLXNjYWxlZC5qcGciLCJzbGlkZXNob3ciOiIzZWI0ZjVjIn0%3D\" href='https:\/\/ghislaineriendeau.com\/wp-content\/uploads\/2026\/02\/Reperes-du-Passage-30x24-1-scaled.jpg'><img loading=\"lazy\" decoding=\"async\" width=\"150\" height=\"150\" src=\"https:\/\/ghislaineriendeau.com\/wp-content\/uploads\/2026\/02\/Reperes-du-Passage-30x24-1-150x150.jpg\" class=\"attachment-thumbnail size-thumbnail\" alt=\"\" aria-describedby=\"gallery-1-2584\" \/><\/a>\n\t\t\t<\/div>\n\t\t\t\t<figcaption class='wp-caption-text gallery-caption' id='gallery-1-2584'>\n\t\t\t\tRep\u00e8res du Passage 30&#215;24\n\t\t\t\t<\/figcaption><\/figure>\n\t\t<\/div>\n\t\t<\/div>\n\t\t\t\t<\/div>\n\t\t\t\t<\/div>\n\t\t\t\t\t<\/div>\n\t\t<\/div>\n\t\t\t\t\t<\/div>\n\t\t<\/section>\n\t\t\t\t<\/div>\n\t\t","protected":false},"excerpt":{"rendered":"<p>Artiste peintre Ghislaine Riendeau Faites que votre tableau soit toujours une ouverture sur le\u00a0 monde. \u00ab\u00a0L\u00e9onard De Vinci\u00a0\u00bb D\u00e9marche artistique Contacter l&rsquo;artiste [&hellip;]<\/p>\n","protected":false},"author":1,"featured_media":0,"parent":0,"menu_order":0,"comment_status":"closed","ping_status":"closed","template":"page-templates\/page_front-page.php","meta":{"footnotes":""},"class_list":["post-1680","page","type-page","status-publish","hentry"],"_links":{"self":[{"href":"https:\/\/ghislaineriendeau.com\/index.php?rest_route=\/wp\/v2\/pages\/1680","targetHints":{"allow":["GET"]}}],"collection":[{"href":"https:\/\/ghislaineriendeau.com\/index.php?rest_route=\/wp\/v2\/pages"}],"about":[{"href":"https:\/\/ghislaineriendeau.com\/index.php?rest_route=\/wp\/v2\/types\/page"}],"author":[{"embeddable":true,"href":"https:\/\/ghislaineriendeau.com\/index.php?rest_route=\/wp\/v2\/users\/1"}],"replies":[{"embeddable":true,"href":"https:\/\/ghislaineriendeau.com\/index.php?rest_route=%2Fwp%2Fv2%2Fcomments&post=1680"}],"version-history":[{"count":5,"href":"https:\/\/ghislaineriendeau.com\/index.php?rest_route=\/wp\/v2\/pages\/1680\/revisions"}],"predecessor-version":[{"id":2590,"href":"https:\/\/ghislaineriendeau.com\/index.php?rest_route=\/wp\/v2\/pages\/1680\/revisions\/2590"}],"wp:attachment":[{"href":"https:\/\/ghislaineriendeau.com\/index.php?rest_route=%2Fwp%2Fv2%2Fmedia&parent=1680"}],"curies":[{"name":"wp","href":"https:\/\/api.w.org\/{rel}","templated":true}]}}