{"id":16,"date":"2024-09-11T23:11:27","date_gmt":"2024-09-11T23:11:27","guid":{"rendered":"https:\/\/ghislaineriendeau.com\/?page_id=16"},"modified":"2024-10-07T15:02:08","modified_gmt":"2024-10-07T15:02:08","slug":"contact","status":"publish","type":"page","link":"https:\/\/ghislaineriendeau.com\/?page_id=16","title":{"rendered":"Contact"},"content":{"rendered":"\t\t<div data-elementor-type=\"wp-page\" data-elementor-id=\"16\" class=\"elementor elementor-16\">\n\t\t\t\t<div class=\"elementor-element elementor-element-575f8f8 e-flex e-con-boxed e-con e-parent\" data-id=\"575f8f8\" data-element_type=\"container\">\n\t\t\t\t\t<div class=\"e-con-inner\">\n\t\t<div class=\"elementor-element elementor-element-de58671 e-con-full e-flex e-con e-child\" data-id=\"de58671\" data-element_type=\"container\">\n\t\t\t\t<div class=\"elementor-element elementor-element-27516e4e elementor-widget elementor-widget-text-editor\" data-id=\"27516e4e\" data-element_type=\"widget\" data-widget_type=\"text-editor.default\">\n\t\t\t\t<div class=\"elementor-widget-container\">\n\t\t\t\t\t\t\t<p><!-- wp:gutenverse\/section {\"elementId\":\"guten-SzLn58\"} --><\/p><div class=\"section-wrapper\" data-id=\"SzLn58\"><section class=\"wp-block-gutenverse-section guten-element guten-section guten-SzLn58 layout-boxed align-stretch\"><div class=\"guten-container guten-column-gap-default\"><p><!-- wp:gutenverse\/column {\"width\":{\"Desktop\":100},\"elementId\":\"guten-dFnzDX\"} --><\/p><div class=\"wp-block-gutenverse-column guten-element guten-column guten-dFnzDX\"><div class=\"guten-column-wrapper\" data-id=\"dFnzDX\"><p><!-- wp:gutenverse\/text-editor {\"elementId\":\"guten-Y14iPA\",\"dropcapMargin\":{},\"dropcapPadding\":{},\"typography\":{\"type\":\"variable\",\"id\":\"h3-font\",\"font\":{\"label\":\"Poppins\",\"value\":\"Poppins\",\"type\":\"google\"},\"size\":{\"Desktop\":{\"unit\":\"px\",\"point\":\"24\"},\"Tablet\":{\"unit\":\"px\",\"point\":\"22\"}},\"lineHeight\":{\"Desktop\":{\"unit\":\"em\",\"point\":\"1.2\"}},\"weight\":\"700\"}} --><\/p><div class=\"guten-element gutenverse-text-editor guten-Y14iPA\"><div class=\"text-content-inner\"><p><!-- wp:paragraph {\"style\":{\"spacing\":{\"margin\":{\"top\":\"var:preset|spacing|60\",\"bottom\":\"var:preset|spacing|60\"}}}} --><\/p><h3>Vous \u00eates int\u00e9ress\u00e9(e) par une de mes \u0153uvres?<\/h3><p>Contactez-moi au 418-580-3944<br \/>Par courriel :\u00a0<a style=\"font-family: var( --e-global-typography-primary-font-family ), Sans-serif; font-weight: var( --e-global-typography-primary-font-weight ); text-align: var(--text-align);\" href=\"mailto:grcr77@hotmail.com\">grcr77@hotmail.com<\/a><\/p><p><!-- \/wp:paragraph --><\/p><p><!-- wp:paragraph {\"style\":{\"spacing\":{\"margin\":{\"top\":\"var:preset|spacing|60\",\"bottom\":\"var:preset|spacing|60\"}}}} --><\/p><\/div><\/div><\/div><\/div><\/div><\/section><\/div><p><!-- \/wp:gutenverse\/text-editor --><\/p><p><!-- wp:paragraph --><\/p><p><!-- \/wp:paragraph --><\/p>\t\t\t\t\t\t<\/div>\n\t\t\t\t<\/div>\n\t\t\t\t<\/div>\n\t\t<div class=\"elementor-element elementor-element-80f7ad7 e-con-full e-flex e-con e-child\" data-id=\"80f7ad7\" data-element_type=\"container\">\n\t\t\t\t<div class=\"elementor-element elementor-element-f17a935 elementor-widget elementor-widget-image\" data-id=\"f17a935\" data-element_type=\"widget\" data-widget_type=\"image.default\">\n\t\t\t\t<div class=\"elementor-widget-container\">\n\t\t\t\t\t\t\t\t\t\t\t\t\t<img fetchpriority=\"high\" decoding=\"async\" width=\"1024\" height=\"711\" src=\"https:\/\/ghislaineriendeau.com\/wp-content\/uploads\/2024\/09\/Ghislaine-11-09-24-1024x711.jpg\" class=\"attachment-large size-large wp-image-87\" alt=\"\" srcset=\"https:\/\/ghislaineriendeau.com\/wp-content\/uploads\/2024\/09\/Ghislaine-11-09-24-1024x711.jpg 1024w, https:\/\/ghislaineriendeau.com\/wp-content\/uploads\/2024\/09\/Ghislaine-11-09-24-300x208.jpg 300w, https:\/\/ghislaineriendeau.com\/wp-content\/uploads\/2024\/09\/Ghislaine-11-09-24-768x533.jpg 768w, https:\/\/ghislaineriendeau.com\/wp-content\/uploads\/2024\/09\/Ghislaine-11-09-24-1536x1066.jpg 1536w, https:\/\/ghislaineriendeau.com\/wp-content\/uploads\/2024\/09\/Ghislaine-11-09-24-2048x1421.jpg 2048w\" sizes=\"(max-width: 1024px) 100vw, 1024px\" \/>\t\t\t\t\t\t\t\t\t\t\t\t\t<\/div>\n\t\t\t\t<\/div>\n\t\t\t\t<\/div>\n\t\t\t\t\t<\/div>\n\t\t\t\t<\/div>\n\t\t<div class=\"elementor-element elementor-element-f85fccd e-flex e-con-boxed e-con e-parent\" data-id=\"f85fccd\" data-element_type=\"container\">\n\t\t\t\t\t<div class=\"e-con-inner\">\n\t\t<div class=\"elementor-element elementor-element-f3fb1dc e-con-full e-flex e-con e-child\" data-id=\"f3fb1dc\" data-element_type=\"container\">\n\t\t\t\t<div class=\"elementor-element elementor-element-fdb8170 elementor-widget elementor-widget-image\" data-id=\"fdb8170\" data-element_type=\"widget\" data-widget_type=\"image.default\">\n\t\t\t\t<div class=\"elementor-widget-container\">\n\t\t\t\t\t\t\t\t\t\t<figure class=\"wp-caption\">\n\t\t\t\t\t\t\t\t\t\t<img decoding=\"async\" src=\"https:\/\/ghislaineriendeau.com\/wp-content\/uploads\/2024\/09\/Moment-du-Depart-IV-20X16.jpg\" title=\"\" alt=\"\" loading=\"lazy\" \/>\t\t\t\t\t\t\t\t\t\t\t<figcaption class=\"widget-image-caption wp-caption-text\"><\/figcaption>\n\t\t\t\t\t\t\t\t\t\t<\/figure>\n\t\t\t\t\t\t\t<\/div>\n\t\t\t\t<\/div>\n\t\t\t\t<\/div>\n\t\t<div class=\"elementor-element elementor-element-d71861b e-con-full e-flex e-con e-child\" data-id=\"d71861b\" data-element_type=\"container\">\n\t\t\t\t<div class=\"elementor-element elementor-element-afbd557 elementor-widget elementor-widget-text-editor\" data-id=\"afbd557\" data-element_type=\"widget\" data-widget_type=\"text-editor.default\">\n\t\t\t\t<div class=\"elementor-widget-container\">\n\t\t\t\t\t\t\t<h4><span style=\"font-family: Roboto, sans-serif; font-weight: 600;\">\u00a0<\/span><\/h4>\n<h4><span style=\"font-family: Roboto, sans-serif; font-weight: 600;\">\u00a0<\/span><\/h4>\n<h4><span style=\"font-family: Roboto, sans-serif; font-weight: 600;\">Certaines oeuvres et leurs prix sont disponibles sur le site de la Galerie le\u00a0<\/span><a style=\"background-color: #ffffff; transition-property: all; font-family: Roboto, sans-serif; font-weight: 600;\" href=\"https:\/\/levivoir.com\/ghislaine-riendeau\">Vivoir<\/a><\/h4>\t\t\t\t\t\t<\/div>\n\t\t\t\t<\/div>\n\t\t\t\t<\/div>\n\t\t\t\t\t<\/div>\n\t\t\t\t<\/div>\n\t\t<div class=\"elementor-element elementor-element-efac37b e-flex e-con-boxed e-con e-parent\" data-id=\"efac37b\" data-element_type=\"container\">\n\t\t\t\t\t<div class=\"e-con-inner\">\n\t\t\t\t\t<\/div>\n\t\t\t\t<\/div>\n\t\t\t\t<\/div>\n\t\t","protected":false},"excerpt":{"rendered":"","protected":false},"author":1,"featured_media":0,"parent":0,"menu_order":0,"comment_status":"closed","ping_status":"closed","template":"","meta":{"footnotes":""},"class_list":["post-16","page","type-page","status-publish","hentry"],"_links":{"self":[{"href":"https:\/\/ghislaineriendeau.com\/index.php?rest_route=\/wp\/v2\/pages\/16","targetHints":{"allow":["GET"]}}],"collection":[{"href":"https:\/\/ghislaineriendeau.com\/index.php?rest_route=\/wp\/v2\/pages"}],"about":[{"href":"https:\/\/ghislaineriendeau.com\/index.php?rest_route=\/wp\/v2\/types\/page"}],"author":[{"embeddable":true,"href":"https:\/\/ghislaineriendeau.com\/index.php?rest_route=\/wp\/v2\/users\/1"}],"replies":[{"embeddable":true,"href":"https:\/\/ghislaineriendeau.com\/index.php?rest_route=%2Fwp%2Fv2%2Fcomments&post=16"}],"version-history":[{"count":5,"href":"https:\/\/ghislaineriendeau.com\/index.php?rest_route=\/wp\/v2\/pages\/16\/revisions"}],"predecessor-version":[{"id":2037,"href":"https:\/\/ghislaineriendeau.com\/index.php?rest_route=\/wp\/v2\/pages\/16\/revisions\/2037"}],"wp:attachment":[{"href":"https:\/\/ghislaineriendeau.com\/index.php?rest_route=%2Fwp%2Fv2%2Fmedia&parent=16"}],"curies":[{"name":"wp","href":"https:\/\/api.w.org\/{rel}","templated":true}]}}