{"id":100,"date":"2024-09-12T00:36:17","date_gmt":"2024-09-12T00:36:17","guid":{"rendered":"https:\/\/ghislaineriendeau.com\/?page_id=100"},"modified":"2026-04-11T15:48:13","modified_gmt":"2026-04-11T15:48:13","slug":"traces-de-lhumanite","status":"publish","type":"page","link":"https:\/\/ghislaineriendeau.com\/?page_id=100","title":{"rendered":"Traces de l&rsquo;Humanit\u00e9"},"content":{"rendered":"\t\t<div data-elementor-type=\"wp-page\" data-elementor-id=\"100\" class=\"elementor elementor-100\">\n\t\t\t\t<div class=\"elementor-element elementor-element-1912c4e e-flex e-con-boxed e-con e-parent\" data-id=\"1912c4e\" data-element_type=\"container\">\n\t\t\t\t\t<div class=\"e-con-inner\">\n\t\t\t\t<div class=\"elementor-element elementor-element-f562ac5 elementor-widget elementor-widget-image-gallery\" data-id=\"f562ac5\" data-element_type=\"widget\" data-widget_type=\"image-gallery.default\">\n\t\t\t\t<div class=\"elementor-widget-container\">\n\t\t\t\t\t<div class=\"elementor-image-gallery\">\n\t\t\t<div id='gallery-1' class='gallery galleryid-100 gallery-columns-2 gallery-size-medium'><figure class='gallery-item'>\n\t\t\t<div class='gallery-icon landscape'>\n\t\t\t\t<a data-elementor-open-lightbox=\"yes\" data-elementor-lightbox-slideshow=\"f562ac5\" data-elementor-lightbox-title=\"M\u00e9moire Rupestre 36X48\" data-e-action-hash=\"#elementor-action%3Aaction%3Dlightbox%26settings%3DeyJpZCI6MjcyMiwidXJsIjoiaHR0cHM6XC9cL2doaXNsYWluZXJpZW5kZWF1LmNvbVwvd3AtY29udGVudFwvdXBsb2Fkc1wvMjAyNlwvMDRcL01lbW9pcmUtUnVwZXN0cmUtMzZYNDguanBnIiwic2xpZGVzaG93IjoiZjU2MmFjNSJ9\" href='https:\/\/ghislaineriendeau.com\/wp-content\/uploads\/2026\/04\/Memoire-Rupestre-36X48.jpg'><img fetchpriority=\"high\" decoding=\"async\" width=\"300\" height=\"226\" src=\"https:\/\/ghislaineriendeau.com\/wp-content\/uploads\/2026\/04\/Memoire-Rupestre-36X48-300x226.jpg\" class=\"attachment-medium size-medium\" alt=\"\" aria-describedby=\"gallery-1-2722\" srcset=\"https:\/\/ghislaineriendeau.com\/wp-content\/uploads\/2026\/04\/Memoire-Rupestre-36X48-300x226.jpg 300w, https:\/\/ghislaineriendeau.com\/wp-content\/uploads\/2026\/04\/Memoire-Rupestre-36X48-768x580.jpg 768w, https:\/\/ghislaineriendeau.com\/wp-content\/uploads\/2026\/04\/Memoire-Rupestre-36X48-1000x755.jpg 1000w, https:\/\/ghislaineriendeau.com\/wp-content\/uploads\/2026\/04\/Memoire-Rupestre-36X48-230x174.jpg 230w, https:\/\/ghislaineriendeau.com\/wp-content\/uploads\/2026\/04\/Memoire-Rupestre-36X48-350x264.jpg 350w, https:\/\/ghislaineriendeau.com\/wp-content\/uploads\/2026\/04\/Memoire-Rupestre-36X48-480x362.jpg 480w, https:\/\/ghislaineriendeau.com\/wp-content\/uploads\/2026\/04\/Memoire-Rupestre-36X48.jpg 1024w\" sizes=\"(max-width: 300px) 100vw, 300px\" \/><\/a>\n\t\t\t<\/div>\n\t\t\t\t<figcaption class='wp-caption-text gallery-caption' id='gallery-1-2722'>\n\t\t\t\tM\u00e9moire Rupestre 36X48\n\t\t\t\t<\/figcaption><\/figure><figure class='gallery-item'>\n\t\t\t<div class='gallery-icon landscape'>\n\t\t\t\t<a data-elementor-open-lightbox=\"yes\" data-elementor-lightbox-slideshow=\"f562ac5\" data-elementor-lightbox-title=\"S\u00e9r\u00e9nit\u00e9 \u00e0 la Source 9X12\" data-e-action-hash=\"#elementor-action%3Aaction%3Dlightbox%26settings%3DeyJpZCI6NjcsInVybCI6Imh0dHBzOlwvXC9naGlzbGFpbmVyaWVuZGVhdS5jb21cL3dwLWNvbnRlbnRcL3VwbG9hZHNcLzIwMjRcLzA5XC9MYS1zb3VyY2UtZGUtTGFzY2F1eC05WDEyLXNjYWxlZC5qcGciLCJzbGlkZXNob3ciOiJmNTYyYWM1In0%3D\" href='https:\/\/ghislaineriendeau.com\/wp-content\/uploads\/2024\/09\/La-source-de-Lascaux-9X12-scaled.jpg'><img decoding=\"async\" width=\"300\" height=\"222\" src=\"https:\/\/ghislaineriendeau.com\/wp-content\/uploads\/2024\/09\/La-source-de-Lascaux-9X12-300x222.jpg\" class=\"attachment-medium size-medium\" alt=\"\" aria-describedby=\"gallery-1-67\" srcset=\"https:\/\/ghislaineriendeau.com\/wp-content\/uploads\/2024\/09\/La-source-de-Lascaux-9X12-300x222.jpg 300w, https:\/\/ghislaineriendeau.com\/wp-content\/uploads\/2024\/09\/La-source-de-Lascaux-9X12-1024x759.jpg 1024w, https:\/\/ghislaineriendeau.com\/wp-content\/uploads\/2024\/09\/La-source-de-Lascaux-9X12-768x570.jpg 768w, https:\/\/ghislaineriendeau.com\/wp-content\/uploads\/2024\/09\/La-source-de-Lascaux-9X12-1536x1139.jpg 1536w, https:\/\/ghislaineriendeau.com\/wp-content\/uploads\/2024\/09\/La-source-de-Lascaux-9X12-2048x1519.jpg 2048w\" sizes=\"(max-width: 300px) 100vw, 300px\" \/><\/a>\n\t\t\t<\/div>\n\t\t\t\t<figcaption class='wp-caption-text gallery-caption' id='gallery-1-67'>\n\t\t\t\tS\u00e9r\u00e9nit\u00e9 \u00e0 la Source 9X12\n\t\t\t\t<\/figcaption><\/figure><figure class='gallery-item'>\n\t\t\t<div class='gallery-icon portrait'>\n\t\t\t\t<a data-elementor-open-lightbox=\"yes\" data-elementor-lightbox-slideshow=\"f562ac5\" data-elementor-lightbox-title=\"L&#039;Instinct Paternel 13X10\" data-e-action-hash=\"#elementor-action%3Aaction%3Dlightbox%26settings%3DeyJpZCI6MjYzNiwidXJsIjoiaHR0cHM6XC9cL2doaXNsYWluZXJpZW5kZWF1LmNvbVwvd3AtY29udGVudFwvdXBsb2Fkc1wvMjAyNlwvMDNcL0xJbnN0aW5jdC1QYXRlcm5lbC0xM1gxMC1zY2FsZWQuanBnIiwic2xpZGVzaG93IjoiZjU2MmFjNSJ9\" href='https:\/\/ghislaineriendeau.com\/wp-content\/uploads\/2026\/03\/LInstinct-Paternel-13X10-scaled.jpg'><img decoding=\"async\" width=\"228\" height=\"300\" src=\"https:\/\/ghislaineriendeau.com\/wp-content\/uploads\/2026\/03\/LInstinct-Paternel-13X10-228x300.jpg\" class=\"attachment-medium size-medium\" alt=\"\" aria-describedby=\"gallery-1-2636\" srcset=\"https:\/\/ghislaineriendeau.com\/wp-content\/uploads\/2026\/03\/LInstinct-Paternel-13X10-228x300.jpg 228w, https:\/\/ghislaineriendeau.com\/wp-content\/uploads\/2026\/03\/LInstinct-Paternel-13X10-779x1024.jpg 779w, https:\/\/ghislaineriendeau.com\/wp-content\/uploads\/2026\/03\/LInstinct-Paternel-13X10-768x1009.jpg 768w, https:\/\/ghislaineriendeau.com\/wp-content\/uploads\/2026\/03\/LInstinct-Paternel-13X10-1169x1536.jpg 1169w, https:\/\/ghislaineriendeau.com\/wp-content\/uploads\/2026\/03\/LInstinct-Paternel-13X10-1559x2048.jpg 1559w, https:\/\/ghislaineriendeau.com\/wp-content\/uploads\/2026\/03\/LInstinct-Paternel-13X10-1000x1314.jpg 1000w, https:\/\/ghislaineriendeau.com\/wp-content\/uploads\/2026\/03\/LInstinct-Paternel-13X10-230x302.jpg 230w, https:\/\/ghislaineriendeau.com\/wp-content\/uploads\/2026\/03\/LInstinct-Paternel-13X10-350x460.jpg 350w, https:\/\/ghislaineriendeau.com\/wp-content\/uploads\/2026\/03\/LInstinct-Paternel-13X10-480x631.jpg 480w, https:\/\/ghislaineriendeau.com\/wp-content\/uploads\/2026\/03\/LInstinct-Paternel-13X10-scaled.jpg 1948w\" sizes=\"(max-width: 228px) 100vw, 228px\" \/><\/a>\n\t\t\t<\/div>\n\t\t\t\t<figcaption class='wp-caption-text gallery-caption' id='gallery-1-2636'>\n\t\t\t\tL&rsquo;Instinct Paternel 13X10\n\t\t\t\t<\/figcaption><\/figure><figure class='gallery-item'>\n\t\t\t<div class='gallery-icon portrait'>\n\t\t\t\t<a data-elementor-open-lightbox=\"yes\" data-elementor-lightbox-slideshow=\"f562ac5\" data-elementor-lightbox-title=\"Rythme \u00c9questre 30X24\" data-e-action-hash=\"#elementor-action%3Aaction%3Dlightbox%26settings%3DeyJpZCI6MjQ4OCwidXJsIjoiaHR0cHM6XC9cL2doaXNsYWluZXJpZW5kZWF1LmNvbVwvd3AtY29udGVudFwvdXBsb2Fkc1wvMjAyNlwvMDFcL1J5dGhtZS1FcXVlc3RyZS0zMFgyNC5qcGciLCJzbGlkZXNob3ciOiJmNTYyYWM1In0%3D\" href='https:\/\/ghislaineriendeau.com\/wp-content\/uploads\/2026\/01\/Rythme-Equestre-30X24.jpg'><img loading=\"lazy\" decoding=\"async\" width=\"237\" height=\"300\" src=\"https:\/\/ghislaineriendeau.com\/wp-content\/uploads\/2026\/01\/Rythme-Equestre-30X24-237x300.jpg\" class=\"attachment-medium size-medium\" alt=\"\" aria-describedby=\"gallery-1-2488\" srcset=\"https:\/\/ghislaineriendeau.com\/wp-content\/uploads\/2026\/01\/Rythme-Equestre-30X24-237x300.jpg 237w, https:\/\/ghislaineriendeau.com\/wp-content\/uploads\/2026\/01\/Rythme-Equestre-30X24-811x1024.jpg 811w, https:\/\/ghislaineriendeau.com\/wp-content\/uploads\/2026\/01\/Rythme-Equestre-30X24-768x970.jpg 768w, https:\/\/ghislaineriendeau.com\/wp-content\/uploads\/2026\/01\/Rythme-Equestre-30X24-1216x1536.jpg 1216w, https:\/\/ghislaineriendeau.com\/wp-content\/uploads\/2026\/01\/Rythme-Equestre-30X24-1000x1263.jpg 1000w, https:\/\/ghislaineriendeau.com\/wp-content\/uploads\/2026\/01\/Rythme-Equestre-30X24-230x291.jpg 230w, https:\/\/ghislaineriendeau.com\/wp-content\/uploads\/2026\/01\/Rythme-Equestre-30X24-350x442.jpg 350w, https:\/\/ghislaineriendeau.com\/wp-content\/uploads\/2026\/01\/Rythme-Equestre-30X24-480x606.jpg 480w, https:\/\/ghislaineriendeau.com\/wp-content\/uploads\/2026\/01\/Rythme-Equestre-30X24.jpg 1329w\" sizes=\"(max-width: 237px) 100vw, 237px\" \/><\/a>\n\t\t\t<\/div>\n\t\t\t\t<figcaption class='wp-caption-text gallery-caption' id='gallery-1-2488'>\n\t\t\t\tRythme \u00c9questre 30X24\n\t\t\t\t<\/figcaption><\/figure><figure class='gallery-item'>\n\t\t\t<div class='gallery-icon portrait'>\n\t\t\t\t<a data-elementor-open-lightbox=\"yes\" data-elementor-lightbox-slideshow=\"f562ac5\" data-elementor-lightbox-title=\"M\u00e9moire des Parois 36X18\" data-e-action-hash=\"#elementor-action%3Aaction%3Dlightbox%26settings%3DeyJpZCI6MjQ4NywidXJsIjoiaHR0cHM6XC9cL2doaXNsYWluZXJpZW5kZWF1LmNvbVwvd3AtY29udGVudFwvdXBsb2Fkc1wvMjAyNlwvMDFcL01lbW9pcmUtZGVzLVBhcm9pcy0zNlgxOC0xLmpwZyIsInNsaWRlc2hvdyI6ImY1NjJhYzUifQ%3D%3D\" href='https:\/\/ghislaineriendeau.com\/wp-content\/uploads\/2026\/01\/Memoire-des-Parois-36X18-1.jpg'><img loading=\"lazy\" decoding=\"async\" width=\"149\" height=\"300\" src=\"https:\/\/ghislaineriendeau.com\/wp-content\/uploads\/2026\/01\/Memoire-des-Parois-36X18-1-149x300.jpg\" class=\"attachment-medium size-medium\" alt=\"\" aria-describedby=\"gallery-1-2487\" srcset=\"https:\/\/ghislaineriendeau.com\/wp-content\/uploads\/2026\/01\/Memoire-des-Parois-36X18-1-149x300.jpg 149w, https:\/\/ghislaineriendeau.com\/wp-content\/uploads\/2026\/01\/Memoire-des-Parois-36X18-1-507x1024.jpg 507w, https:\/\/ghislaineriendeau.com\/wp-content\/uploads\/2026\/01\/Memoire-des-Parois-36X18-1-768x1550.jpg 768w, https:\/\/ghislaineriendeau.com\/wp-content\/uploads\/2026\/01\/Memoire-des-Parois-36X18-1-761x1536.jpg 761w, https:\/\/ghislaineriendeau.com\/wp-content\/uploads\/2026\/01\/Memoire-des-Parois-36X18-1-1015x2048.jpg 1015w, https:\/\/ghislaineriendeau.com\/wp-content\/uploads\/2026\/01\/Memoire-des-Parois-36X18-1-1000x2019.jpg 1000w, https:\/\/ghislaineriendeau.com\/wp-content\/uploads\/2026\/01\/Memoire-des-Parois-36X18-1-230x464.jpg 230w, https:\/\/ghislaineriendeau.com\/wp-content\/uploads\/2026\/01\/Memoire-des-Parois-36X18-1-350x707.jpg 350w, https:\/\/ghislaineriendeau.com\/wp-content\/uploads\/2026\/01\/Memoire-des-Parois-36X18-1-480x969.jpg 480w, https:\/\/ghislaineriendeau.com\/wp-content\/uploads\/2026\/01\/Memoire-des-Parois-36X18-1.jpg 1019w\" sizes=\"(max-width: 149px) 100vw, 149px\" \/><\/a>\n\t\t\t<\/div>\n\t\t\t\t<figcaption class='wp-caption-text gallery-caption' id='gallery-1-2487'>\n\t\t\t\tM\u00e9moire des Parois 36X18\n\t\t\t\t<\/figcaption><\/figure><figure class='gallery-item'>\n\t\t\t<div class='gallery-icon portrait'>\n\t\t\t\t<a data-elementor-open-lightbox=\"yes\" data-elementor-lightbox-slideshow=\"f562ac5\" data-elementor-lightbox-title=\"Les F\u00e9es de Lascaux 20x16\" data-e-action-hash=\"#elementor-action%3Aaction%3Dlightbox%26settings%3DeyJpZCI6MjQwMCwidXJsIjoiaHR0cHM6XC9cL2doaXNsYWluZXJpZW5kZWF1LmNvbVwvd3AtY29udGVudFwvdXBsb2Fkc1wvMjAyNVwvMTFcL0xlcy1GZWVzLWRlLUxhc2NhdXgtMjB4MTYtMS1zY2FsZWQuanBnIiwic2xpZGVzaG93IjoiZjU2MmFjNSJ9\" href='https:\/\/ghislaineriendeau.com\/wp-content\/uploads\/2025\/11\/Les-Fees-de-Lascaux-20x16-1-scaled.jpg'><img loading=\"lazy\" decoding=\"async\" width=\"240\" height=\"300\" src=\"https:\/\/ghislaineriendeau.com\/wp-content\/uploads\/2025\/11\/Les-Fees-de-Lascaux-20x16-1-240x300.jpg\" class=\"attachment-medium size-medium\" alt=\"\" aria-describedby=\"gallery-1-2400\" srcset=\"https:\/\/ghislaineriendeau.com\/wp-content\/uploads\/2025\/11\/Les-Fees-de-Lascaux-20x16-1-240x300.jpg 240w, https:\/\/ghislaineriendeau.com\/wp-content\/uploads\/2025\/11\/Les-Fees-de-Lascaux-20x16-1-819x1024.jpg 819w, https:\/\/ghislaineriendeau.com\/wp-content\/uploads\/2025\/11\/Les-Fees-de-Lascaux-20x16-1-768x960.jpg 768w, https:\/\/ghislaineriendeau.com\/wp-content\/uploads\/2025\/11\/Les-Fees-de-Lascaux-20x16-1-1229x1536.jpg 1229w, https:\/\/ghislaineriendeau.com\/wp-content\/uploads\/2025\/11\/Les-Fees-de-Lascaux-20x16-1-1638x2048.jpg 1638w, https:\/\/ghislaineriendeau.com\/wp-content\/uploads\/2025\/11\/Les-Fees-de-Lascaux-20x16-1-1000x1250.jpg 1000w, https:\/\/ghislaineriendeau.com\/wp-content\/uploads\/2025\/11\/Les-Fees-de-Lascaux-20x16-1-230x288.jpg 230w, https:\/\/ghislaineriendeau.com\/wp-content\/uploads\/2025\/11\/Les-Fees-de-Lascaux-20x16-1-350x438.jpg 350w, https:\/\/ghislaineriendeau.com\/wp-content\/uploads\/2025\/11\/Les-Fees-de-Lascaux-20x16-1-480x600.jpg 480w, https:\/\/ghislaineriendeau.com\/wp-content\/uploads\/2025\/11\/Les-Fees-de-Lascaux-20x16-1-scaled.jpg 2048w\" sizes=\"(max-width: 240px) 100vw, 240px\" \/><\/a>\n\t\t\t<\/div>\n\t\t\t\t<figcaption class='wp-caption-text gallery-caption' id='gallery-1-2400'>\n\t\t\t\tLes F\u00e9es de Lascaux 20&#215;16\n\t\t\t\t<\/figcaption><\/figure>\n\t\t<\/div>\n\t\t<\/div>\n\t\t\t\t<\/div>\n\t\t\t\t<\/div>\n\t\t\t\t\t<\/div>\n\t\t\t\t<\/div>\n\t\t\t\t<\/div>\n\t\t","protected":false},"excerpt":{"rendered":"<p>M\u00e9moire Rupestre 36X48 S\u00e9r\u00e9nit\u00e9 \u00e0 la Source 9X12 L&rsquo;Instinct Paternel 13X10 Rythme \u00c9questre 30X24 M\u00e9moire des Parois 36X18 Les F\u00e9es de Lascaux [&hellip;]<\/p>\n","protected":false},"author":1,"featured_media":0,"parent":0,"menu_order":0,"comment_status":"closed","ping_status":"closed","template":"","meta":{"footnotes":""},"class_list":["post-100","page","type-page","status-publish","hentry"],"_links":{"self":[{"href":"https:\/\/ghislaineriendeau.com\/index.php?rest_route=\/wp\/v2\/pages\/100","targetHints":{"allow":["GET"]}}],"collection":[{"href":"https:\/\/ghislaineriendeau.com\/index.php?rest_route=\/wp\/v2\/pages"}],"about":[{"href":"https:\/\/ghislaineriendeau.com\/index.php?rest_route=\/wp\/v2\/types\/page"}],"author":[{"embeddable":true,"href":"https:\/\/ghislaineriendeau.com\/index.php?rest_route=\/wp\/v2\/users\/1"}],"replies":[{"embeddable":true,"href":"https:\/\/ghislaineriendeau.com\/index.php?rest_route=%2Fwp%2Fv2%2Fcomments&post=100"}],"version-history":[{"count":5,"href":"https:\/\/ghislaineriendeau.com\/index.php?rest_route=\/wp\/v2\/pages\/100\/revisions"}],"predecessor-version":[{"id":2728,"href":"https:\/\/ghislaineriendeau.com\/index.php?rest_route=\/wp\/v2\/pages\/100\/revisions\/2728"}],"wp:attachment":[{"href":"https:\/\/ghislaineriendeau.com\/index.php?rest_route=%2Fwp%2Fv2%2Fmedia&parent=100"}],"curies":[{"name":"wp","href":"https:\/\/api.w.org\/{rel}","templated":true}]}}